{"id":102,"date":"2019-01-05T15:40:35","date_gmt":"2019-01-05T15:40:35","guid":{"rendered":"http:\/\/kurthopstein.de\/?page_id=102"},"modified":"2019-03-12T16:32:43","modified_gmt":"2019-03-12T16:32:43","slug":"archiv","status":"publish","type":"page","link":"http:\/\/kurthopstein.de\/?page_id=102","title":{"rendered":"Archiv"},"content":{"rendered":"<h3><strong>Konzert zum 85. Geburtstag<\/strong><\/h3>\n<p><strong>10.03.2019 16:00 Uhr<\/strong><br \/>\n<strong>Kirche St. Rochus<\/strong><br \/>\n<strong>Rochusstr. 100<\/strong><br \/>\n<strong>50827 K\u00f6ln<\/strong><\/p>\n<p>Schilfmusik &#8211; eine Serenade f\u00fcr Oboe Klarinette und Fagott (Trio Melange)<\/p>\n<p>Vier Lieder nach chinesischen Gedichten (Birte Hopstein, Sopran und Doris Reiff, Klavier)<\/p>\n<p>Divertissement f\u00fcr Fl\u00f6te und Cembalo (Filine Precht, Fl\u00f6te und Sonja Kemnitzer, Cembalo)<\/p>\n<p>Winterreise Fragmente f\u00fcr Fl\u00f6te und Cembalo (Filine Precht, Sonja Kemnitzer und Martin Lennartz, Harmonium)<\/p>\n<p>Vergessene G\u00e4rten (Das K\u00f6lner Streichsextett)<\/p>\n<p style=\"text-align: start;\">\n<p style=\"text-align: start;\"><span style=\"font-size: 16px; font-weight: bold;\">Das Projekt &#8222;Video-Walk&#8220;<\/span><\/p>\n<p><a href=\"http:\/\/www.kraftstation.de\/index.php\/aktuelles\" target=\"_blank\"><span style=\"font-size: 24px;\">*&#8220;\u00c7\u00fcs,! &#8212; Die Transformation meiner Welt&#8220;*<\/span><\/a><\/p>\n<p>wurde mit dem Projektpreis Kinder- und Jugendkulturland NRW ausgezeichnet<\/p>\n<p>In einen Zeitraum von sieben Monaten haben sich mehr als 20 Jugendliche<br \/>\nmit Transkulturalit\u00e4t und ihren Aspekten besch\u00e4ftig und daraus ein sehr<br \/>\nspezielles Theaterformat entwickelt. Neben der inhaltlichen<br \/>\nAuseinandersetzung lernten die Jugendlichen verschiedene k\u00fcnstlerische<br \/>\nAusdrucksweisen kennen. So besuchten sie beispielsweise die Bergischen<br \/>\nSymphoniker an ihrem Probeort und besch\u00e4ftigten sich sehr praktisch mit<br \/>\nder &#8222;Schilfmusik&#8220; von Kurt Hopstein, die den Soundtrack f\u00fcr unseren<br \/>\nVideowalk bildet.<\/p>\n<p>Link: <a href=\"http:\/\/www.kraftstation.de\/index.php\/aktuelles\" target=\"_blank\">*&#8220;\u00c7\u00fcs,! &#8212; Die Transformation meiner Welt&#8220;*<\/a><\/p>\n<p>&lt;mailto:kultur@kraftstation.de&gt;+++ +++ +++<\/p>\n","protected":false},"excerpt":{"rendered":"<p>Konzert zum 85. Geburtstag 10.03.2019 16:00 Uhr Kirche St. Rochus Rochusstr. 100 50827 K\u00f6ln Schilfmusik &#8211; eine Serenade f\u00fcr Oboe Klarinette und Fagott (Trio Melange) Vier Lieder nach chinesischen Gedichten (Birte Hopstein, Sopran und Doris Reiff, Klavier) Divertissement f\u00fcr Fl\u00f6te und Cembalo (Filine Precht, Fl\u00f6te und Sonja Kemnitzer, Cembalo) Winterreise Fragmente f\u00fcr Fl\u00f6te und Cembalo [&hellip;]<\/p>\n","protected":false},"author":1,"featured_media":0,"parent":33,"menu_order":18,"comment_status":"closed","ping_status":"closed","template":"","meta":[],"_links":{"self":[{"href":"http:\/\/kurthopstein.de\/index.php?rest_route=\/wp\/v2\/pages\/102"}],"collection":[{"href":"http:\/\/kurthopstein.de\/index.php?rest_route=\/wp\/v2\/pages"}],"about":[{"href":"http:\/\/kurthopstein.de\/index.php?rest_route=\/wp\/v2\/types\/page"}],"author":[{"embeddable":true,"href":"http:\/\/kurthopstein.de\/index.php?rest_route=\/wp\/v2\/users\/1"}],"replies":[{"embeddable":true,"href":"http:\/\/kurthopstein.de\/index.php?rest_route=%2Fwp%2Fv2%2Fcomments&post=102"}],"version-history":[{"count":2,"href":"http:\/\/kurthopstein.de\/index.php?rest_route=\/wp\/v2\/pages\/102\/revisions"}],"predecessor-version":[{"id":133,"href":"http:\/\/kurthopstein.de\/index.php?rest_route=\/wp\/v2\/pages\/102\/revisions\/133"}],"up":[{"embeddable":true,"href":"http:\/\/kurthopstein.de\/index.php?rest_route=\/wp\/v2\/pages\/33"}],"wp:attachment":[{"href":"http:\/\/kurthopstein.de\/index.php?rest_route=%2Fwp%2Fv2%2Fmedia&parent=102"}],"curies":[{"name":"wp","href":"https:\/\/api.w.org\/{rel}","templated":true}]}}