{"id":18,"date":"2017-01-08T20:38:57","date_gmt":"2017-01-08T20:38:57","guid":{"rendered":"http:\/\/kurthopstein.de\/?page_id=18"},"modified":"2019-04-29T17:57:03","modified_gmt":"2019-04-29T17:57:03","slug":"start","status":"publish","type":"page","link":"http:\/\/kurthopstein.de\/","title":{"rendered":"Kurt Hopstein"},"content":{"rendered":"<div class=\"art-content-layout\">\n<div class=\"art-content-layout-row\">\n<div class=\"art-layout-cell layout-item-0\" style=\"width: 50%;\"><\/div>\n<p>&nbsp;<\/p>\n<div class=\"art-layout-cell layout-item-0\" style=\"width: 50%;\">\n<p><img decoding=\"async\" loading=\"lazy\" class=\"art-lightbox\" src=\"http:\/\/kurthopstein.de\/wp-content\/uploads\/2017\/01\/kurthopstein.jpg\" alt=\"\" width=\"204\" height=\"300\" \/><\/p>\n<\/div>\n<div class=\"art-layout-cell layout-item-0\" style=\"width: 50%;\">\n<p>Diese Seite soll \u00fcber den Komponisten und Menschen Kurt Hopstein informieren und sein Werk f\u00fcr Musiker und Musikinteressierte zug\u00e4nglich machen.<\/p>\n<p>Gleichzeitig soll sie den Menschen, die ihn gekannt haben auch als Erinnerung und Forum zur M\u00f6glichkeit des Austauschs dienen.<\/p>\n<p>Wir laden alle ein, \u00fcber das Kontaktformular eigene Beitr\u00e4ge \u00fcber Kurt Hopstein einzureichen, die dann hier ver\u00f6ffentlicht werden oder einfach nur Kontakt mit der Familie aufzunehmen.<\/p>\n<p>&nbsp;<\/p>\n<\/div>\n<\/div>\n<\/div>\n<div class=\"art-content-layout\">\n<div class=\"art-content-layout-row\">\n<div class=\"art-layout-cell layout-item-0\" style=\"width: 100%;\">\n<p>Stichworte zur Biografie<\/p>\n<ul>\n<li>1934 Geboren in K\u00f6ln<\/li>\n<li>1954-58 Studium an der Musikhochschule K\u00f6ln &#8211; Institut f\u00fcr Schulmusik &#8211; mit dem Wahlfach Komposition bei Prof. Hermann Schroeder<\/li>\n<li>1959 Erg\u00e4nzende Studien in Wien &#8211; Theaterwissenschaft bei Prof. Heinz Kindermann und Joseph Gregor, Teilnahme am Kompositionsunterricht von Karl Schiske<\/li>\n<li>1960-97 T\u00e4tigkeit als Lehrer f\u00fcr Musik und Deutsch &#8211; zun\u00e4chst in K\u00f6ln , seit 1970 in H\u00fcckelhoven, Kreis Heinsberg; Komposition und freie Klangimprovisation im Rahmen der p\u00e4dagogischen Arbeit. Beteiligung an lokalen Kulturinitiativen<\/li>\n<li>1973 Auff\u00fchrung von &#8222;Andante und Rondo&#8220; aus dem Divertimento f\u00fcr kleines Orchester (Mitglieder des K\u00f6lner Rundfunk-Sinfonie-Orchesters)<\/li>\n<li>seit 1983 wieder zunehmende Besch\u00e4ftigung mit eigenen <a href=\"?page_id=19\">Kompositionen<\/a><\/li>\n<li>1994 Urauff\u00fchrung des <a href=\"http:\/\/kurthopstein.de\/?page_id=20\">Streichsextetts &#8222;Vergessene G\u00e4rten&#8220;<\/a>, das seit 2001 als CD erh\u00e4ltlich ist.<\/li>\n<li>2000 R\u00fcckkehr nach K\u00f6ln. Durch den Kontakt mit verschiedenen K\u00fcnstlern weitere Kompositionen.<\/li>\n<li>2013 Gestorben in K\u00f6ln<\/li>\n<\/ul>\n<\/div>\n<\/div>\n<\/div>\n","protected":false},"excerpt":{"rendered":"<p>&nbsp; Diese Seite soll \u00fcber den Komponisten und Menschen Kurt Hopstein informieren und sein Werk f\u00fcr Musiker und Musikinteressierte zug\u00e4nglich machen. Gleichzeitig soll sie den Menschen, die ihn gekannt haben auch als Erinnerung und Forum zur M\u00f6glichkeit des Austauschs dienen. Wir laden alle ein, \u00fcber das Kontaktformular eigene Beitr\u00e4ge \u00fcber Kurt Hopstein einzureichen, die dann [&hellip;]<\/p>\n","protected":false},"author":1,"featured_media":0,"parent":0,"menu_order":1,"comment_status":"closed","ping_status":"closed","template":"","meta":[],"_links":{"self":[{"href":"http:\/\/kurthopstein.de\/index.php?rest_route=\/wp\/v2\/pages\/18"}],"collection":[{"href":"http:\/\/kurthopstein.de\/index.php?rest_route=\/wp\/v2\/pages"}],"about":[{"href":"http:\/\/kurthopstein.de\/index.php?rest_route=\/wp\/v2\/types\/page"}],"author":[{"embeddable":true,"href":"http:\/\/kurthopstein.de\/index.php?rest_route=\/wp\/v2\/users\/1"}],"replies":[{"embeddable":true,"href":"http:\/\/kurthopstein.de\/index.php?rest_route=%2Fwp%2Fv2%2Fcomments&post=18"}],"version-history":[{"count":7,"href":"http:\/\/kurthopstein.de\/index.php?rest_route=\/wp\/v2\/pages\/18\/revisions"}],"predecessor-version":[{"id":138,"href":"http:\/\/kurthopstein.de\/index.php?rest_route=\/wp\/v2\/pages\/18\/revisions\/138"}],"wp:attachment":[{"href":"http:\/\/kurthopstein.de\/index.php?rest_route=%2Fwp%2Fv2%2Fmedia&parent=18"}],"curies":[{"name":"wp","href":"https:\/\/api.w.org\/{rel}","templated":true}]}}