{"id":19,"date":"2017-01-08T20:38:58","date_gmt":"2017-01-08T20:38:58","guid":{"rendered":"http:\/\/kurthopstein.de\/?page_id=19"},"modified":"2017-01-08T21:16:49","modified_gmt":"2017-01-08T21:16:49","slug":"musik","status":"publish","type":"page","link":"http:\/\/kurthopstein.de\/?page_id=19","title":{"rendered":"Komponist"},"content":{"rendered":"<p>Das kompositorische Werk umfasst in erster Linie Kammermusik f\u00fcr unterschiedlichste Instrumente und Besetzungen, z.B. Streichsextett, Bajan, Fagott, Fl\u00f6te, Oboe, Harfe.&nbsp;<\/p>\n<p><\/p>\n<p>Noten k\u00f6nnen \u00fcber diese Seite <a href=\"?page_id=32\">nach Anfrage<\/a> gegen Unkostenbeteiligung zur Verf\u00fcgung gestellt werden.<\/p>\n<p>Die Auff\u00fchrungsrechte liegen bei den Erben. Genehmigungen k\u00f6nnen auf Anfrage <a href=\"?page_id=32\" title=\"Auff\u00fchrungsgenehmigung\">hier<\/a> eingeholt werden.<\/p>\n","protected":false},"excerpt":{"rendered":"<p>Das kompositorische Werk umfasst in erster Linie Kammermusik f\u00fcr unterschiedlichste Instrumente und Besetzungen, z.B. Streichsextett, Bajan, Fagott, Fl\u00f6te, Oboe, Harfe.&nbsp; Noten k\u00f6nnen \u00fcber diese Seite nach Anfrage gegen Unkostenbeteiligung zur Verf\u00fcgung gestellt werden. Die Auff\u00fchrungsrechte liegen bei den Erben. Genehmigungen k\u00f6nnen auf Anfrage hier eingeholt werden.<\/p>\n","protected":false},"author":1,"featured_media":0,"parent":0,"menu_order":2,"comment_status":"closed","ping_status":"closed","template":"","meta":[],"_links":{"self":[{"href":"http:\/\/kurthopstein.de\/index.php?rest_route=\/wp\/v2\/pages\/19"}],"collection":[{"href":"http:\/\/kurthopstein.de\/index.php?rest_route=\/wp\/v2\/pages"}],"about":[{"href":"http:\/\/kurthopstein.de\/index.php?rest_route=\/wp\/v2\/types\/page"}],"author":[{"embeddable":true,"href":"http:\/\/kurthopstein.de\/index.php?rest_route=\/wp\/v2\/users\/1"}],"replies":[{"embeddable":true,"href":"http:\/\/kurthopstein.de\/index.php?rest_route=%2Fwp%2Fv2%2Fcomments&post=19"}],"version-history":[{"count":3,"href":"http:\/\/kurthopstein.de\/index.php?rest_route=\/wp\/v2\/pages\/19\/revisions"}],"predecessor-version":[{"id":74,"href":"http:\/\/kurthopstein.de\/index.php?rest_route=\/wp\/v2\/pages\/19\/revisions\/74"}],"wp:attachment":[{"href":"http:\/\/kurthopstein.de\/index.php?rest_route=%2Fwp%2Fv2%2Fmedia&parent=19"}],"curies":[{"name":"wp","href":"https:\/\/api.w.org\/{rel}","templated":true}]}}