{"id":24,"date":"2017-01-08T20:39:03","date_gmt":"2017-01-08T20:39:03","guid":{"rendered":"http:\/\/kurthopstein.de\/?page_id=24"},"modified":"2017-01-08T20:39:03","modified_gmt":"2017-01-08T20:39:03","slug":"schilfmusik-serenade-fur-oboe-klarinette-und-fagott","status":"publish","type":"page","link":"http:\/\/kurthopstein.de\/?page_id=24","title":{"rendered":"SCHILFMUSIK  eine Serenade f\u00fcr Oboe, Klarinette und Fagott (2010)"},"content":{"rendered":"<p>Schilfmusik\n<\/p>\n<p>eine Serenade f\u00fcr Oboe, Klarinette und Fagott\n<\/p>\n<\/p>\n<p><a href=\"http:\/\/kurthopstein.de\/images\/schilfmusik_01_andante_hb.mp3\" target=\"_blank\">Andante. Con alcuna licenza<\/a><\/p>\n<\/p>\n<p><a href=\"http:\/\/kurthopstein.de\/images\/schilfmusik_02_marcia_hb.mp3\" target=\"_blank\" title=\"Marcia. Allegro\">Marcia. Allegro<\/a><\/p>\n<\/p>\n<p><a href=\"http:\/\/kurthopstein.de\/images\/schilfmusik_03_aria_hb.mp3\" target=\"_blank\">Aria. Andante molto tranquillo<\/a><\/p>\n<\/p>\n<p><a href=\"http:\/\/kurthopstein.de\/images\/schilfmusik_04_rondo_hb.mp3\" target=\"_blank\">Rondo. Allegro vivace<\/a><\/p>\n<p>Bei den H\u00f6rbeispielen handelt es sich um eine Aufnahme der Auff\u00fchrung vom 18. April 2010 in der Aula des Gymnasiums H\u00fcckelhoven mit dem TRIO MELANGE (Claudia Bartz &#8211; Oboe, Marlies Klumpenaar &#8211; Klarinette, Ruth Krabbe &#8211; Fagott).\n<\/p>\n<p>Der Name dieser Serenade deutet zun\u00e4chst auf nichts anderes als das nat\u00fcrlich gewachsene Rohr, aus dem auch heute noch das kleine, den Ton bildende Mundst\u00fcck der drei Rohrblattinstrumente besteht, sorgsam geschnitten und mit Feingef\u00fchl dem individuellen Klangbed\u00fcrfnis des Spielers angepasst.\n<\/p>\n<p>Dann mag der Blick aber auch zur\u00fcckgehen in jene mythischen Vorzeiten, in denen der Hirtengott Pan aus einem Schilfrohr die Syrinx schnitzte, um die verschm\u00e4hte Liebe zu einer sch\u00f6nen Nymphe zu beklagen, und der Satyr Marsyas den g\u00f6ttlichen Apollon zu einem Wettstreit herausforderte, bei dem sein wildes Spiel auf dem Rohrblatt des Aulos sich \u00fcber die Kythara-Weisen des Gottes erheben sollte \u2013 ein grausam bestrafter Frevel.\n<\/p>\n<p>Vielleicht verbergen sich in dieser SCHILFMUSIK \u2013 in den Umrissen einer klassischen Serenade \u2013 Spuren solcher Mythen. Sicher aber, so hoffe ich jedenfalls, wird der Zuh\u00f6rer die Bruchkanten und Einbr\u00fcchen wahrnehmen, die meine Komposition unserer gebrochenen Zeit zugeh\u00f6ren lassen.\n<\/p>\n<p>Kurt Hopstein<\/p>\n","protected":false},"excerpt":{"rendered":"<p>Schilfmusik eine Serenade f\u00fcr Oboe, Klarinette und Fagott Andante. Con alcuna licenza Marcia. Allegro Aria. Andante molto tranquillo Rondo. Allegro vivace Bei den H\u00f6rbeispielen handelt es sich um eine Aufnahme der Auff\u00fchrung vom 18. April 2010 in der Aula des Gymnasiums H\u00fcckelhoven mit dem TRIO MELANGE (Claudia Bartz &#8211; Oboe, Marlies Klumpenaar &#8211; Klarinette, Ruth [&hellip;]<\/p>\n","protected":false},"author":1,"featured_media":0,"parent":19,"menu_order":7,"comment_status":"closed","ping_status":"closed","template":"","meta":[],"_links":{"self":[{"href":"http:\/\/kurthopstein.de\/index.php?rest_route=\/wp\/v2\/pages\/24"}],"collection":[{"href":"http:\/\/kurthopstein.de\/index.php?rest_route=\/wp\/v2\/pages"}],"about":[{"href":"http:\/\/kurthopstein.de\/index.php?rest_route=\/wp\/v2\/types\/page"}],"author":[{"embeddable":true,"href":"http:\/\/kurthopstein.de\/index.php?rest_route=\/wp\/v2\/users\/1"}],"replies":[{"embeddable":true,"href":"http:\/\/kurthopstein.de\/index.php?rest_route=%2Fwp%2Fv2%2Fcomments&post=24"}],"version-history":[{"count":0,"href":"http:\/\/kurthopstein.de\/index.php?rest_route=\/wp\/v2\/pages\/24\/revisions"}],"up":[{"embeddable":true,"href":"http:\/\/kurthopstein.de\/index.php?rest_route=\/wp\/v2\/pages\/19"}],"wp:attachment":[{"href":"http:\/\/kurthopstein.de\/index.php?rest_route=%2Fwp%2Fv2%2Fmedia&parent=24"}],"curies":[{"name":"wp","href":"https:\/\/api.w.org\/{rel}","templated":true}]}}