{"id":28,"date":"2017-01-08T20:39:07","date_gmt":"2017-01-08T20:39:07","guid":{"rendered":"http:\/\/kurthopstein.de\/?page_id=28"},"modified":"2017-01-08T20:39:07","modified_gmt":"2017-01-08T20:39:07","slug":"lebensspuren","status":"publish","type":"page","link":"http:\/\/kurthopstein.de\/?page_id=28","title":{"rendered":"Der P\u00e4dagoge Kurt Hopstein"},"content":{"rendered":"<p>Durch seine langj\u00e4hrige T\u00e4tigkeit als Lehrer am Gymnasium H\u00fcckelhoven und sein vielf\u00e4ltiges soziales Engagement hat er viele Menschen beeinflusst und gef\u00f6rdert.&nbsp;<\/p>\n<p>Diese Seite soll Raum geben f\u00fcr Erinnerungen und Berichte aus diesem Bereich<\/p>\n","protected":false},"excerpt":{"rendered":"<p>Durch seine langj\u00e4hrige T\u00e4tigkeit als Lehrer am Gymnasium H\u00fcckelhoven und sein vielf\u00e4ltiges soziales Engagement hat er viele Menschen beeinflusst und gef\u00f6rdert.&nbsp; Diese Seite soll Raum geben f\u00fcr Erinnerungen und Berichte aus diesem Bereich<\/p>\n","protected":false},"author":1,"featured_media":0,"parent":0,"menu_order":11,"comment_status":"closed","ping_status":"closed","template":"","meta":[],"_links":{"self":[{"href":"http:\/\/kurthopstein.de\/index.php?rest_route=\/wp\/v2\/pages\/28"}],"collection":[{"href":"http:\/\/kurthopstein.de\/index.php?rest_route=\/wp\/v2\/pages"}],"about":[{"href":"http:\/\/kurthopstein.de\/index.php?rest_route=\/wp\/v2\/types\/page"}],"author":[{"embeddable":true,"href":"http:\/\/kurthopstein.de\/index.php?rest_route=\/wp\/v2\/users\/1"}],"replies":[{"embeddable":true,"href":"http:\/\/kurthopstein.de\/index.php?rest_route=%2Fwp%2Fv2%2Fcomments&post=28"}],"version-history":[{"count":0,"href":"http:\/\/kurthopstein.de\/index.php?rest_route=\/wp\/v2\/pages\/28\/revisions"}],"wp:attachment":[{"href":"http:\/\/kurthopstein.de\/index.php?rest_route=%2Fwp%2Fv2%2Fmedia&parent=28"}],"curies":[{"name":"wp","href":"https:\/\/api.w.org\/{rel}","templated":true}]}}